{"id":41,"date":"2021-10-05T23:25:32","date_gmt":"2021-10-05T20:25:32","guid":{"rendered":"http:\/\/baymakizmir.com\/demo\/?page_id=41"},"modified":"2022-10-12T17:09:19","modified_gmt":"2022-10-12T14:09:19","slug":"servis-bolgeleri","status":"publish","type":"page","link":"http:\/\/baymakizmir.com\/index.php\/servis-bolgeleri\/","title":{"rendered":"Servis B\u00f6lgeleri"},"content":{"rendered":"<div class=\"post-content\"><div id=\"pl-41\"  class=\"panel-layout\" ><div id=\"pg-41-0\"  class=\"panel-grid panel-no-style\" ><div id=\"pgc-41-0-0\"  class=\"panel-grid-cell panel-grid-cell-empty\" ><\/div><div id=\"pgc-41-0-1\"  class=\"panel-grid-cell panel-grid-cell-mobile-last\" ><div id=\"panel-41-0-1-0\" class=\"so-panel widget widget_siteorigin-panels-builder panel-first-child panel-last-child\" data-index=\"0\" ><div id=\"pl-w6172d55e3364c\"  class=\"panel-layout\" ><div id=\"pg-w6172d55e3364c-0\"  class=\"panel-grid panel-no-style\" ><div id=\"pgc-w6172d55e3364c-0-0\"  class=\"panel-grid-cell\" ><div id=\"panel-w6172d55e3364c-0-0-0\" class=\"so-panel widget widget_sow-editor panel-first-child panel-last-child\" data-index=\"0\" ><div\n\t\t\t\n\t\t\tclass=\"so-widget-sow-editor so-widget-sow-editor-base\"\n\t\t\t\n\t\t>\n<div class=\"siteorigin-widget-tinymce textwidget\">\n\t<p><img loading=\"lazy\" class=\"alignnone size-full wp-image-192\" src=\"http:\/\/baymakizmir.com\/demo\/wp-content\/uploads\/2021\/10\/ASDS.jpg\" alt=\"\" width=\"1308\" height=\"550\" srcset=\"http:\/\/baymakizmir.com\/wp-content\/uploads\/2021\/10\/ASDS.jpg 1308w, http:\/\/baymakizmir.com\/wp-content\/uploads\/2021\/10\/ASDS-300x126.jpg 300w, http:\/\/baymakizmir.com\/wp-content\/uploads\/2021\/10\/ASDS-1024x431.jpg 1024w, http:\/\/baymakizmir.com\/wp-content\/uploads\/2021\/10\/ASDS-768x323.jpg 768w\" sizes=\"(max-width: 1308px) 100vw, 1308px\" \/><\/p>\n<\/div>\n<\/div><\/div><\/div><div id=\"pgc-w6172d55e3364c-0-1\"  class=\"panel-grid-cell\" ><div id=\"panel-w6172d55e3364c-0-1-0\" class=\"so-panel widget widget_sow-editor panel-first-child panel-last-child\" data-index=\"1\" ><div\n\t\t\t\n\t\t\tclass=\"so-widget-sow-editor so-widget-sow-editor-base\"\n\t\t\t\n\t\t>\n<div class=\"siteorigin-widget-tinymce textwidget\">\n\t<h5>MERKEZ<br \/>\nBAYRAKLI<br \/>\nBORNOVA<br \/>\nKAR\u015eIYAKA<br \/>\n\u00c7\u0130\u011eL\u0130<br \/>\nKONAK<br \/>\nKARABA\u011eLAR<br \/>\nBUCA<br \/>\n<\/h5>\n<hr \/>\n<p><strong>0232 459 00 42 \u2013 459 00 52 \u2013 433 38 88<\/strong><br \/>\n<strong>egemerkez@hotmail.com<\/strong><\/p>\n<\/div>\n<\/div><\/div><\/div><\/div><\/div><\/div><\/div><div id=\"pgc-41-0-2\"  class=\"panel-grid-cell panel-grid-cell-empty\" ><\/div><\/div><\/div><\/div>","protected":false},"excerpt":{"rendered":"<p>MERKEZ BAYRAKLI BORNOVA KAR\u015eIYAKA \u00c7\u0130\u011eL\u0130 KONAK KARABA\u011eLAR BUCA 0232 459 00 42 \u2013 459 00<a href=\"http:\/\/baymakizmir.com\/index.php\/servis-bolgeleri\/\" class=\"bizsmart-read-more\">Continue Reading<i class=\"fa fa-long-arrow-right\" aria-hidden=\"true\"><\/i><\/a><\/p>\n","protected":false},"author":1,"featured_media":0,"parent":0,"menu_order":0,"comment_status":"closed","ping_status":"closed","template":"page-templates\/full-width.php","meta":[],"_links":{"self":[{"href":"http:\/\/baymakizmir.com\/index.php\/wp-json\/wp\/v2\/pages\/41"}],"collection":[{"href":"http:\/\/baymakizmir.com\/index.php\/wp-json\/wp\/v2\/pages"}],"about":[{"href":"http:\/\/baymakizmir.com\/index.php\/wp-json\/wp\/v2\/types\/page"}],"author":[{"embeddable":true,"href":"http:\/\/baymakizmir.com\/index.php\/wp-json\/wp\/v2\/users\/1"}],"replies":[{"embeddable":true,"href":"http:\/\/baymakizmir.com\/index.php\/wp-json\/wp\/v2\/comments?post=41"}],"version-history":[{"count":7,"href":"http:\/\/baymakizmir.com\/index.php\/wp-json\/wp\/v2\/pages\/41\/revisions"}],"predecessor-version":[{"id":322,"href":"http:\/\/baymakizmir.com\/index.php\/wp-json\/wp\/v2\/pages\/41\/revisions\/322"}],"wp:attachment":[{"href":"http:\/\/baymakizmir.com\/index.php\/wp-json\/wp\/v2\/media?parent=41"}],"curies":[{"name":"wp","href":"https:\/\/api.w.org\/{rel}","templated":true}]}}