{"id":35,"date":"2021-10-05T23:23:52","date_gmt":"2021-10-05T20:23:52","guid":{"rendered":"http:\/\/baymakizmir.com\/demo\/?page_id=35"},"modified":"2021-10-20T00:07:53","modified_gmt":"2021-10-19T21:07:53","slug":"baymak-hidrofor-servis","status":"publish","type":"page","link":"http:\/\/baymakizmir.com\/index.php\/baymak-hidrofor-servis\/","title":{"rendered":"Baymak Hidrofor"},"content":{"rendered":"<div class=\"post-content\"><div id=\"pl-35\"  class=\"panel-layout\" ><div id=\"pg-35-0\"  class=\"panel-grid panel-has-style\" ><div class=\"panel-row-style panel-row-style-for-35-0\" ><div id=\"pgc-35-0-0\"  class=\"panel-grid-cell panel-grid-cell-empty\" ><\/div><div id=\"pgc-35-0-1\"  class=\"panel-grid-cell panel-grid-cell-mobile-last\" ><div id=\"panel-35-0-1-0\" class=\"so-panel widget widget_sow-editor panel-first-child panel-last-child\" data-index=\"0\" ><div\n\t\t\t\n\t\t\tclass=\"so-widget-sow-editor so-widget-sow-editor-base\"\n\t\t\t\n\t\t>\n<div class=\"siteorigin-widget-tinymce textwidget\">\n\t<div id=\"pg-11-1\" class=\"panel-grid panel-no-style\">\n<div id=\"pgc-11-1-2\" class=\"panel-grid-cell panel-grid-cell-empty\">Hidrofor bak\u0131mlar\u0131 genellikle piston pompal\u0131 hidroforlarda yap\u0131lmaktad\u0131r.Piston pompal\u0131 hidroforlar iki k\u0131s\u0131mdan olu\u015fur. Ya\u011f taraf\u0131 ve Su g\u00f6vdesi diye ikiye ayr\u0131lan hidroforlar 6 ayda bir mutlaka bak\u0131mdan ge\u00e7melidir.Kademeli,Santrif\u00fcj,kat hidroforlar\u0131 bak\u0131m gerektirmeyen hidrofor tiplerindendir. Fakat yinede arada s\u0131rada bu hidroforlar\u0131nda g\u00f6zden ge\u00e7irilmesinde faydal\u0131 olur. Bas\u0131n\u00e7 kapasite ayarlar\u0131,tanktaki hava oran\u0131,tank i\u00e7indeki mebran\u0131n (balon) durumu kontrol edilmesinde fayda vard\u0131r.<\/div>\n<\/div>\n<p>Ya\u011f g\u00f6vdesi: Ya\u011f g\u00f6vdesinde krank,kranka ba\u011fl\u0131 rulmanlar,piston kolu,piston koluna ba\u011fl\u0131 pik piston ve pik pistonu piston koluna ba\u011flayan piston pimi bulunur.Mekanik aksamlar\u0131n a\u015f\u0131nmamas\u0131 i\u00e7in ya\u011f g\u00f6vdesi i\u00e7erinde 1 lt ya\u011f bulunur.Mekanik aksam s\u00fcrekli devir halinde oldu\u011fundan zamanla g\u00f6vde i\u00e7erisindeki ya\u011f \u00f6zelli\u011fini yitir. Ya\u011f \u00f6zelli\u011fini yitirdi\u011finde rulmanlar ve sar\u0131 piston kolu a\u015f\u0131nma yapar zamanla bozulur. Baz\u0131 piston pompal\u0131 hidroforlarda sfero \u00e7elik di\u015fliler bulunur. \u0130ki b\u00fcy\u00fck di\u015flinin yan\u0131 s\u0131ra \u00e7elik mile ba\u011fl\u0131 iki adette k\u00fc\u00e7\u00fck di\u015fli mevcuttur.Bu di\u015fliler zamanlar s\u00fcrt\u00fcnme sonucunda a\u015f\u0131n\u0131r ve di\u015fli yataklar\u0131 k\u0131r\u0131labilir.<\/p>\n<\/div>\n<\/div><\/div><\/div><div id=\"pgc-35-0-2\"  class=\"panel-grid-cell panel-grid-cell-empty\" ><\/div><\/div><\/div><\/div><\/div>","protected":false},"excerpt":{"rendered":"<p>Hidrofor bak\u0131mlar\u0131 genellikle piston pompal\u0131 hidroforlarda yap\u0131lmaktad\u0131r.Piston pompal\u0131 hidroforlar iki k\u0131s\u0131mdan olu\u015fur. Ya\u011f taraf\u0131 ve<a href=\"http:\/\/baymakizmir.com\/index.php\/baymak-hidrofor-servis\/\" class=\"bizsmart-read-more\">Continue Reading<i class=\"fa fa-long-arrow-right\" aria-hidden=\"true\"><\/i><\/a><\/p>\n","protected":false},"author":1,"featured_media":0,"parent":0,"menu_order":0,"comment_status":"closed","ping_status":"closed","template":"page-templates\/full-width.php","meta":[],"_links":{"self":[{"href":"http:\/\/baymakizmir.com\/index.php\/wp-json\/wp\/v2\/pages\/35"}],"collection":[{"href":"http:\/\/baymakizmir.com\/index.php\/wp-json\/wp\/v2\/pages"}],"about":[{"href":"http:\/\/baymakizmir.com\/index.php\/wp-json\/wp\/v2\/types\/page"}],"author":[{"embeddable":true,"href":"http:\/\/baymakizmir.com\/index.php\/wp-json\/wp\/v2\/users\/1"}],"replies":[{"embeddable":true,"href":"http:\/\/baymakizmir.com\/index.php\/wp-json\/wp\/v2\/comments?post=35"}],"version-history":[{"count":3,"href":"http:\/\/baymakizmir.com\/index.php\/wp-json\/wp\/v2\/pages\/35\/revisions"}],"predecessor-version":[{"id":222,"href":"http:\/\/baymakizmir.com\/index.php\/wp-json\/wp\/v2\/pages\/35\/revisions\/222"}],"wp:attachment":[{"href":"http:\/\/baymakizmir.com\/index.php\/wp-json\/wp\/v2\/media?parent=35"}],"curies":[{"name":"wp","href":"https:\/\/api.w.org\/{rel}","templated":true}]}}