{"id":33,"date":"2021-10-05T23:22:34","date_gmt":"2021-10-05T20:22:34","guid":{"rendered":"http:\/\/baymakizmir.com\/demo\/?page_id=33"},"modified":"2021-10-20T00:08:02","modified_gmt":"2021-10-19T21:08:02","slug":"baymak-kazan-servisi","status":"publish","type":"page","link":"http:\/\/baymakizmir.com\/index.php\/baymak-kazan-servisi\/","title":{"rendered":"Baymak Kazan"},"content":{"rendered":"<div class=\"post-content\"><div id=\"pl-33\"  class=\"panel-layout\" ><div id=\"pg-33-0\"  class=\"panel-grid panel-has-style\" ><div class=\"panel-row-style panel-row-style-for-33-0\" ><div id=\"pgc-33-0-0\"  class=\"panel-grid-cell panel-grid-cell-empty\" ><\/div><div id=\"pgc-33-0-1\"  class=\"panel-grid-cell panel-grid-cell-mobile-last\" ><div id=\"panel-33-0-1-0\" class=\"so-panel widget widget_sow-editor panel-first-child panel-last-child\" data-index=\"0\" ><div\n\t\t\t\n\t\t\tclass=\"so-widget-sow-editor so-widget-sow-editor-base\"\n\t\t\t\n\t\t>\n<div class=\"siteorigin-widget-tinymce textwidget\">\n\t<div id=\"pg-11-1\" class=\"panel-grid panel-no-style\">\n<div id=\"pgc-11-1-2\" class=\"panel-grid-cell panel-grid-cell-empty\">Baymak Kazan Servisi, bir\u00e7ok alanda ihtiya\u00e7 duyulan servis hizmetlerini kapsamaktad\u0131r. Bu kapsamda kurulum, montaj, demontaj, ilk \u00e7al\u0131\u015ft\u0131rma i\u015flemleri ile ar\u0131za onar\u0131mlar\u0131 ve bak\u0131m \u00e7al\u0131\u015fmalar\u0131 ile m\u00fc\u015fteri memnuniyeti hedeflenmektedir. Baymak kazanlar\u0131 kullan\u0131ld\u0131\u011f\u0131 alanlara g\u00f6re farkl\u0131 t\u00fcrlerdedir;<\/div>\n<\/div>\n<ul>\n<li>Merkezi sistem kazanlar<\/li>\n<li>Kat kaloriferleri<\/li>\n<li>Yo\u011fu\u015fmal\u0131 kazanlar<\/li>\n<\/ul>\n<p>Olmak \u00fczere Baymak kazan \u00e7e\u015fitleri farkl\u0131 kategorilere ayr\u0131lm\u0131\u015ft\u0131r. Baymak olarak bizler kazan \u00fcretiminde \u00fclkemize \u00f6nc\u00fcl\u00fck etmenin hakl\u0131 gurunu ya\u015famaktay\u0131z. 49 y\u0131ll\u0131k k\u00f6kl\u00fc deneyimimizle bir\u00e7ok bayi ve Baymak sat\u0131\u015f noktalar\u0131m\u0131z ve \u00fcretim tesislerimizle faaliyet y\u00fcr\u00fctt\u00fc\u011f\u00fcm\u00fcz bu alanda 2013 y\u0131l\u0131nda BDR Thermea Group b\u00fcnyesine firmam\u0131z\u0131n %100\u2019l\u00fck k\u0131sm\u0131n\u0131n dahil olmas\u0131yla birlikte BDR Thermea Group Fransa\u2019daki kazan \u00fcretim tesisini ve Danimarka\u2019da ki kazan fabrikas\u0131n\u0131 \u00fclkemize ta\u015f\u0131yarak yaln\u0131zca firmam\u0131z\u0131 de\u011fil T\u00fcrkiye\u2019yi \u00e7elik kazan \u00fcretiminde d\u00fcnya devleriyle yar\u0131\u015f\u0131r lider konuma getirmi\u015ftir.<\/p>\n<p><strong>Baymak Kazan Servisi Hizmetleri<\/strong><\/p>\n<p>Baymak kazan servisi, yaln\u0131zca \u00fcretim ve kalite anlam\u0131nda de\u011fil g\u00fc\u00e7l\u00fc servis a\u011f\u0131 ve \u00fcr\u00fcn sat\u0131\u015f\u0131 sonras\u0131 hizmetleriyle de ad\u0131ndan fazlaca s\u00f6z ettirmeyi ba\u015farm\u0131\u015ft\u0131r. \u00dcr\u00fcnlerimizin tercih edilmesinde Baymak yetkili servis hizmeti veren uzman teknik servis elemanlar\u0131n\u0131n firmam\u0131z taraf\u0131ndan e\u011fitimleri verilmekte ve bu sayede g\u00fcler y\u00fczl\u00fc hizmet ve m\u00fc\u015fteri memnuniyeti ama\u00e7lanmaktad\u0131r.<\/p>\n<p>Baymak kazan servis hizmetleri kapsam\u0131nda kurulum ve montajdan ba\u015flayarak \u00fcr\u00fcn\u00fcn ilk \u00e7al\u0131\u015ft\u0131rma i\u015flemi yap\u0131lmakta ve kazan\u0131n kullan\u0131m s\u00fcresi boyunca m\u00fc\u015fterilerimizin ihtiya\u00e7lar\u0131na en h\u0131zl\u0131 ve en k\u0131sa s\u00fcrede cevap verilmektedir.Baymak kazan servisi taraf\u0131ndan sunulan hizmetler \u015funlard\u0131r:<\/p>\n<ul>\n<li>\u00dcr\u00fcn\u00fcn garanti kapsam\u0131na uygun olacak \u015fekilde kurulumunu ger\u00e7ekle\u015ftirme<\/li>\n<li>Yetkili servisler d\u0131\u015f\u0131nda yap\u0131lacak ilk \u00e7al\u0131\u015ft\u0131rmalar \u00fcr\u00fcn\u00fc garanti kapsam\u0131n\u0131n d\u0131\u015f\u0131na \u00e7\u0131karaca\u011f\u0131ndan devreye alma da denen ilk \u00e7al\u0131\u015ft\u0131rma i\u015flemini yapma<\/li>\n<li>Ar\u0131za tespiti ve ar\u0131zan\u0131n onar\u0131lmas\u0131 ve yap\u0131lan i\u015f\u00e7ili\u011fe en az 1 y\u0131l i\u015f\u00e7ilik garantisi verilmesiDe\u011fi\u015ftirilmesi gereken kazan yedek par\u00e7alar\u0131n\u0131n orijinalleriyle de\u011fi\u015ftirilmesi ve Baymak par\u00e7a garanti deste\u011finin sa\u011flanmas\u0131<\/li>\n<\/ul>\n<p>\u0130zmir Baymak Kazan Servisi, Baymak \u0130zmir Kazan Servisi, \u0130zmir Baymak Kazan Yetkili Servisi, Baymak \u0130zmir Kazan Yetkili Servisi, \u0130zmir Baymak Kazan Tamiri, \u0130zmir Baymak Kazan Ar\u0131za, \u0130zmir Baymak Kazan Bak\u0131m\u0131, \u0130zmir Baymak Kazan Servis Fiyat\u0131, \u0130zmir<\/p>\n<\/div>\n<\/div><\/div><\/div><div id=\"pgc-33-0-2\"  class=\"panel-grid-cell panel-grid-cell-empty\" ><\/div><\/div><\/div><\/div><\/div>","protected":false},"excerpt":{"rendered":"<p>Baymak Kazan Servisi, bir\u00e7ok alanda ihtiya\u00e7 duyulan servis hizmetlerini kapsamaktad\u0131r. Bu kapsamda kurulum, montaj, demontaj,<a href=\"http:\/\/baymakizmir.com\/index.php\/baymak-kazan-servisi\/\" class=\"bizsmart-read-more\">Continue Reading<i class=\"fa fa-long-arrow-right\" aria-hidden=\"true\"><\/i><\/a><\/p>\n","protected":false},"author":1,"featured_media":0,"parent":0,"menu_order":0,"comment_status":"closed","ping_status":"closed","template":"page-templates\/full-width.php","meta":[],"_links":{"self":[{"href":"http:\/\/baymakizmir.com\/index.php\/wp-json\/wp\/v2\/pages\/33"}],"collection":[{"href":"http:\/\/baymakizmir.com\/index.php\/wp-json\/wp\/v2\/pages"}],"about":[{"href":"http:\/\/baymakizmir.com\/index.php\/wp-json\/wp\/v2\/types\/page"}],"author":[{"embeddable":true,"href":"http:\/\/baymakizmir.com\/index.php\/wp-json\/wp\/v2\/users\/1"}],"replies":[{"embeddable":true,"href":"http:\/\/baymakizmir.com\/index.php\/wp-json\/wp\/v2\/comments?post=33"}],"version-history":[{"count":4,"href":"http:\/\/baymakizmir.com\/index.php\/wp-json\/wp\/v2\/pages\/33\/revisions"}],"predecessor-version":[{"id":223,"href":"http:\/\/baymakizmir.com\/index.php\/wp-json\/wp\/v2\/pages\/33\/revisions\/223"}],"wp:attachment":[{"href":"http:\/\/baymakizmir.com\/index.php\/wp-json\/wp\/v2\/media?parent=33"}],"curies":[{"name":"wp","href":"https:\/\/api.w.org\/{rel}","templated":true}]}}