{"id":31,"date":"2021-10-05T23:21:57","date_gmt":"2021-10-05T20:21:57","guid":{"rendered":"http:\/\/baymakizmir.com\/demo\/?page_id=31"},"modified":"2021-10-20T00:08:09","modified_gmt":"2021-10-19T21:08:09","slug":"baymak-klima-servisi","status":"publish","type":"page","link":"http:\/\/baymakizmir.com\/index.php\/baymak-klima-servisi\/","title":{"rendered":"Baymak Klima"},"content":{"rendered":"<div class=\"post-content\"><div id=\"pl-31\"  class=\"panel-layout\" ><div id=\"pg-31-0\"  class=\"panel-grid panel-has-style\" ><div class=\"panel-row-style panel-row-style-for-31-0\" ><div id=\"pgc-31-0-0\"  class=\"panel-grid-cell panel-grid-cell-empty\" ><\/div><div id=\"pgc-31-0-1\"  class=\"panel-grid-cell panel-grid-cell-mobile-last\" ><div id=\"panel-31-0-1-0\" class=\"so-panel widget widget_sow-editor panel-first-child\" data-index=\"0\" ><div\n\t\t\t\n\t\t\tclass=\"so-widget-sow-editor so-widget-sow-editor-base\"\n\t\t\t\n\t\t>\n<div class=\"siteorigin-widget-tinymce textwidget\">\n\t<p>Tecr\u00fcbeli teknik servis elemanlar\u0131m\u0131z sayesinde klimalar\u0131n\u0131z\u0131n t\u00fcm klima temizli\u011fi k\u0131sa s\u00fcrede tamamlanmaktad\u0131r. Ev, ofis, fabrika, depo gibi klimalar\u0131n yo\u011fun olarak kullan\u0131ld\u0131\u011f\u0131 alanlara teknik ekipler h\u0131zl\u0131 \u015fekilde g\u00f6nderilmektedir. G\u00f6nderdi\u011fimiz ekipler klima temizleme, montaj, gaz dolumu, s\u00f6kme, takma ar\u0131za ve tamir i\u015flerini yerinde tespit hizmeti ile problemlerinizi k\u0131sa s\u00fcre i\u00e7inde \u00e7\u00f6z\u00fcme kavu\u015fturmaktad\u0131r.<\/p>\n<p>Belirtmemiz gereken bir nokta da klimalardan uzun s\u00fcre verim alabilmeniz i\u00e7in d\u00fczenli olarak bak\u0131mlar\u0131n\u0131n yap\u0131lmas\u0131 gerekmektedir. Bu klima temizli\u011fi tecr\u00fcbesi ve bilgisi olan ki\u015filer taraf\u0131ndan ger\u00e7ekle\u015ftirilmelidir. Bu sayede klimalar\u0131n\u0131z\u0131n performans\u0131 d\u00fc\u015fmeden klima temizlik yap\u0131lm\u0131\u015f ve kullan\u0131ma haz\u0131r hale getirilmi\u015f olur. Klima gaz dolumu da \u00e7ok s\u0131k olmasa da klima temizleme aras\u0131na al\u0131nmas\u0131 gereken bir durumdur. Bu gaz, kliman\u0131n so\u011fuk hava veya s\u0131cak hava \u00fcflemesinde etkili olan bir elementtir.<\/p>\n<p>Klima da en \u00e7ok kar\u015f\u0131la\u015fan sorunlar\u0131n ba\u015f\u0131nda mevsimine g\u00f6re yeterince s\u0131cak ve so\u011fuk hava \u00fcflememesi gelmektedir. Klima so\u011futmuyor ya da \u0131s\u0131tm\u0131yor ise bunun bir \u00e7ok nedeni olmaktad\u0131r. \u0130zmir klimac\u0131 olarak a\u00e7\u0131klamak gerekirse. Ba\u015fta zaman\u0131nda yap\u0131lmayan klima bak\u0131mlar\u0131, bilin\u00e7li yap\u0131lmayan klima montaj\u0131 ve kliman\u0131n gaz\u0131ndan kaynakl\u0131 olmaktad\u0131r. Bu durumun ciddi maliyet gerektiren klima tamirineyol a\u00e7abilmektedir.<\/p>\n<\/div>\n<\/div><\/div><div id=\"panel-31-0-1-1\" class=\"so-panel widget widget_sow-editor panel-last-child\" data-index=\"1\" ><div\n\t\t\t\n\t\t\tclass=\"so-widget-sow-editor so-widget-sow-editor-base\"\n\t\t\t\n\t\t>\n<div class=\"siteorigin-widget-tinymce textwidget\">\n\t<p><img loading=\"lazy\" class=\"alignnone size-full wp-image-149\" src=\"http:\/\/baymakizmir.com\/demo\/wp-content\/uploads\/2021\/10\/8824736579634_1593613257496.jpg\" alt=\"\" width=\"300\" height=\"300\" srcset=\"http:\/\/baymakizmir.com\/wp-content\/uploads\/2021\/10\/8824736579634_1593613257496.jpg 300w, http:\/\/baymakizmir.com\/wp-content\/uploads\/2021\/10\/8824736579634_1593613257496-150x150.jpg 150w\" sizes=\"(max-width: 300px) 100vw, 300px\" \/> <img loading=\"lazy\" class=\"alignnone  wp-image-150\" src=\"http:\/\/baymakizmir.com\/demo\/wp-content\/uploads\/2021\/10\/baymak-elegant-plus-12-klima_yorumbudurcom.jpg\" alt=\"\" width=\"301\" height=\"301\" srcset=\"http:\/\/baymakizmir.com\/wp-content\/uploads\/2021\/10\/baymak-elegant-plus-12-klima_yorumbudurcom.jpg 720w, http:\/\/baymakizmir.com\/wp-content\/uploads\/2021\/10\/baymak-elegant-plus-12-klima_yorumbudurcom-300x300.jpg 300w, http:\/\/baymakizmir.com\/wp-content\/uploads\/2021\/10\/baymak-elegant-plus-12-klima_yorumbudurcom-150x150.jpg 150w\" sizes=\"(max-width: 301px) 100vw, 301px\" \/><\/p>\n<\/div>\n<\/div><\/div><\/div><div id=\"pgc-31-0-2\"  class=\"panel-grid-cell panel-grid-cell-empty\" ><\/div><\/div><\/div><\/div><\/div>","protected":false},"excerpt":{"rendered":"<p>Tecr\u00fcbeli teknik servis elemanlar\u0131m\u0131z sayesinde klimalar\u0131n\u0131z\u0131n t\u00fcm klima temizli\u011fi k\u0131sa s\u00fcrede tamamlanmaktad\u0131r. Ev, ofis, fabrika,<a href=\"http:\/\/baymakizmir.com\/index.php\/baymak-klima-servisi\/\" class=\"bizsmart-read-more\">Continue Reading<i class=\"fa fa-long-arrow-right\" aria-hidden=\"true\"><\/i><\/a><\/p>\n","protected":false},"author":1,"featured_media":0,"parent":0,"menu_order":0,"comment_status":"closed","ping_status":"closed","template":"page-templates\/full-width.php","meta":[],"_links":{"self":[{"href":"http:\/\/baymakizmir.com\/index.php\/wp-json\/wp\/v2\/pages\/31"}],"collection":[{"href":"http:\/\/baymakizmir.com\/index.php\/wp-json\/wp\/v2\/pages"}],"about":[{"href":"http:\/\/baymakizmir.com\/index.php\/wp-json\/wp\/v2\/types\/page"}],"author":[{"embeddable":true,"href":"http:\/\/baymakizmir.com\/index.php\/wp-json\/wp\/v2\/users\/1"}],"replies":[{"embeddable":true,"href":"http:\/\/baymakizmir.com\/index.php\/wp-json\/wp\/v2\/comments?post=31"}],"version-history":[{"count":6,"href":"http:\/\/baymakizmir.com\/index.php\/wp-json\/wp\/v2\/pages\/31\/revisions"}],"predecessor-version":[{"id":224,"href":"http:\/\/baymakizmir.com\/index.php\/wp-json\/wp\/v2\/pages\/31\/revisions\/224"}],"wp:attachment":[{"href":"http:\/\/baymakizmir.com\/index.php\/wp-json\/wp\/v2\/media?parent=31"}],"curies":[{"name":"wp","href":"https:\/\/api.w.org\/{rel}","templated":true}]}}